{"id":543,"date":"2024-02-21T09:13:24","date_gmt":"2024-02-21T08:13:24","guid":{"rendered":"https:\/\/emperador.tempurl.host\/?page_id=543"},"modified":"2024-04-01T16:41:02","modified_gmt":"2024-04-01T14:41:02","slug":"tour-virtual-torre-diagonal-one","status":"publish","type":"page","link":"https:\/\/pruebas.emperadorproperties.com\/en\/tour-virtual-torre-diagonal-one\/","title":{"rendered":"Tour virtual Torre Diagonal One"},"content":{"rendered":"<div data-elementor-type=\"wp-page\" data-elementor-id=\"543\" class=\"elementor elementor-543\" data-elementor-post-type=\"page\">\n\t\t\t\t<div class=\"elementor-element elementor-element-38961b4 e-con-full e-flex e-con e-parent\" data-id=\"38961b4\" data-element_type=\"container\">\n\t\t\t\t<div class=\"elementor-element elementor-element-d526eb3 elementor-widget elementor-widget-heading\" data-id=\"d526eb3\" data-element_type=\"widget\" data-widget_type=\"heading.default\">\n\t\t\t\t<div class=\"elementor-widget-container\">\n\t\t\t<style>\/*! elementor - v3.21.0 - 15-04-2024 *\/\n.elementor-heading-title{padding:0;margin:0;line-height:1}.elementor-widget-heading .elementor-heading-title[class*=elementor-size-]>a{color:inherit;font-size:inherit;line-height:inherit}.elementor-widget-heading .elementor-heading-title.elementor-size-small{font-size:15px}.elementor-widget-heading .elementor-heading-title.elementor-size-medium{font-size:19px}.elementor-widget-heading .elementor-heading-title.elementor-size-large{font-size:29px}.elementor-widget-heading .elementor-heading-title.elementor-size-xl{font-size:39px}.elementor-widget-heading .elementor-heading-title.elementor-size-xxl{font-size:59px}<\/style><h1 class=\"elementor-heading-title elementor-size-default\">Tour virtual Torre Diagonal One<\/h1>\t\t<\/div>\n\t\t\t\t<\/div>\n\t\t\t\t<div class=\"elementor-element elementor-element-74181b6 elementor-align-center elementor-widget elementor-widget-button\" data-id=\"74181b6\" data-element_type=\"widget\" data-widget_type=\"button.default\">\n\t\t\t\t<div class=\"elementor-widget-container\">\n\t\t\t\t\t<div class=\"elementor-button-wrapper\">\n\t\t\t<a class=\"elementor-button elementor-button-link elementor-size-sm\" href=\"https:\/\/pruebas.emperadorproperties.com\/en\/alquiler-de-oficinas-en-madrid-torremperadorcastellana\/\">\n\t\t\t\t\t\t<span class=\"elementor-button-content-wrapper\">\n\t\t\t\t\t\t\t\t\t<span class=\"elementor-button-text\">Volver atr\u00e1s<\/span>\n\t\t\t\t\t<\/span>\n\t\t\t\t\t<\/a>\n\t\t<\/div>\n\t\t\t\t<\/div>\n\t\t\t\t<\/div>\n\t\t\t\t<div class=\"elementor-element elementor-element-aa0c2d2 elementor-widget elementor-widget-html\" data-id=\"aa0c2d2\" data-element_type=\"widget\" data-widget_type=\"html.default\">\n\t\t\t\t<div class=\"elementor-widget-container\">\n\t\t\t<iframe src=\"https:\/\/shoootin.com\/en_gb\/scans\/625fd77fbb956e052c4cd166\" width=\"100%\" height=\"700\"><\/iframe>\t\t<\/div>\n\t\t\t\t<\/div>\n\t\t\t\t<\/div>\n\t\t<div class=\"elementor-element elementor-element-64b54e4 e-flex e-con-boxed e-con e-parent\" data-id=\"64b54e4\" data-element_type=\"container\" data-settings=\"{&quot;background_background&quot;:&quot;classic&quot;}\">\n\t\t\t\t\t<div class=\"e-con-inner\">\n\t\t<div class=\"elementor-element elementor-element-ed280fd e-con-full e-flex e-con e-child\" data-id=\"ed280fd\" data-element_type=\"container\">\n\t\t\t\t<div class=\"elementor-element elementor-element-e1039ad elementor-widget elementor-widget-heading\" data-id=\"e1039ad\" data-element_type=\"widget\" data-widget_type=\"heading.default\">\n\t\t\t\t<div class=\"elementor-widget-container\">\n\t\t\t<h2 class=\"elementor-heading-title elementor-size-default\">Always on the side of your business<\/h2>\t\t<\/div>\n\t\t\t\t<\/div>\n\t\t\t\t<div class=\"elementor-element elementor-element-06bfaa1 elementor-widget elementor-widget-text-editor\" data-id=\"06bfaa1\" data-element_type=\"widget\" data-widget_type=\"text-editor.default\">\n\t\t\t\t<div class=\"elementor-widget-container\">\n\t\t\t<style>\/*! elementor - v3.21.0 - 15-04-2024 *\/\n.elementor-widget-text-editor.elementor-drop-cap-view-stacked .elementor-drop-cap{background-color:#69727d;color:#fff}.elementor-widget-text-editor.elementor-drop-cap-view-framed .elementor-drop-cap{color:#69727d;border:3px solid;background-color:transparent}.elementor-widget-text-editor:not(.elementor-drop-cap-view-default) .elementor-drop-cap{margin-top:8px}.elementor-widget-text-editor:not(.elementor-drop-cap-view-default) .elementor-drop-cap-letter{width:1em;height:1em}.elementor-widget-text-editor .elementor-drop-cap{float:left;text-align:center;line-height:1;font-size:50px}.elementor-widget-text-editor .elementor-drop-cap-letter{display:inline-block}<\/style>\t\t\t\t<div class=\"deeper-text align-left mobi-size-16\">At Emperador Properties we provide personalized, tailor-made, efficient services to all the businesses that place their trust in us and choose Torre Diagonal One as their business address.<br \/>The perfect place to work.<\/div>\t\t\t\t\t\t<\/div>\n\t\t\t\t<\/div>\n\t\t\t\t<div class=\"elementor-element elementor-element-fefd163 elementor-widget elementor-widget-heading\" data-id=\"fefd163\" data-element_type=\"widget\" data-widget_type=\"heading.default\">\n\t\t\t\t<div class=\"elementor-widget-container\">\n\t\t\t<h4 class=\"elementor-heading-title elementor-size-default\">Come visit it and discover it!<\/h4>\t\t<\/div>\n\t\t\t\t<\/div>\n\t\t\t\t<div class=\"elementor-element elementor-element-a556c0b elementor-widget elementor-widget-image\" data-id=\"a556c0b\" data-element_type=\"widget\" data-widget_type=\"image.default\">\n\t\t\t\t<div class=\"elementor-widget-container\">\n\t\t\t<style>\/*! elementor - v3.21.0 - 15-04-2024 *\/\n.elementor-widget-image{text-align:center}.elementor-widget-image a{display:inline-block}.elementor-widget-image a img[src$=\".svg\"]{width:48px}.elementor-widget-image img{vertical-align:middle;display:inline-block}<\/style>\t\t\t\t\t\t\t\t\t\t<img fetchpriority=\"high\" decoding=\"async\" width=\"800\" height=\"270\" src=\"https:\/\/pruebas.emperadorproperties.com\/wp-content\/uploads\/2024\/03\/Logo-Torre-Diagonal-ONE-horizontal_blanco-1024x345.png\" class=\"attachment-large size-large wp-image-1639\" alt=\"\" srcset=\"\" sizes=\"(max-width: 800px) 100vw, 800px\" data-srcset=\"\" \/>\t\t\t\t\t\t\t\t\t\t\t\t\t<\/div>\n\t\t\t\t<\/div>\n\t\t\t\t<\/div>\n\t\t<div class=\"elementor-element elementor-element-bf7e2bc e-con-full e-flex e-con e-child\" data-id=\"bf7e2bc\" data-element_type=\"container\">\n\t\t\t\t<div class=\"elementor-element elementor-element-983e610 elementor-widget elementor-widget-shortcode\" data-id=\"983e610\" data-element_type=\"widget\" data-widget_type=\"shortcode.default\">\n\t\t\t\t<div class=\"elementor-widget-container\">\n\t\t\t\t\t<div class=\"elementor-shortcode\"><div class=\"forminator-ui forminator-custom-form forminator-custom-form-1672 forminator-design--flat forminator-enclosed forminator_ajax\" data-forminator-render=\"0\" data-form=\"forminator-module-1672\" data-uid=\"69e2751cb40f1\"><br\/><\/div><form\r\n\t\t\t\tid=\"forminator-module-1672\"\r\n\t\t\t\tclass=\"forminator-ui forminator-custom-form forminator-custom-form-1672 forminator-design--flat forminator-enclosed forminator_ajax\"\r\n\t\t\t\tmethod=\"post\"\r\n\t\t\t\tdata-forminator-render=\"0\"\r\n\t\t\t\tdata-form-id=\"1672\"\r\n\t\t\t\t\r\n\t\t\t\tdata-design=\"flat\"\r\n\t\t\t\t\r\n\t\t\t\t\r\n\t\t\t\t\r\n\t\t\t\tdata-grid=\"enclosed\"\r\n\t\t\t\t\r\n\t\t\t\t\r\n\t\t\t\tstyle=\"display: none;\"\r\n\t\t\t\t\r\n\t\t\t\tdata-uid=\"69e2751cb40f1\" action=\"\"\r\n\t\t\t><div role=\"alert\" aria-live=\"polite\" class=\"forminator-response-message forminator-error\" aria-hidden=\"true\"><\/div><div class=\"forminator-row\"><div id=\"name-1\" class=\"forminator-field-name forminator-col forminator-col-12\"><div class=\"forminator-field\"><input type=\"text\" name=\"name-1\" value=\"\" placeholder=\"Name\" id=\"forminator-field-name-1_69e2751cb40f1\" class=\"forminator-input forminator-name--field\" aria-required=\"true\" \/><\/div><\/div><\/div><div class=\"forminator-row\"><div id=\"phone-1\" class=\"forminator-field-phone forminator-col forminator-col-12\"><div class=\"forminator-field\"><input type=\"text\" name=\"phone-1\" value=\"\" placeholder=\"Phone number\" id=\"forminator-field-phone-1_69e2751cb40f1\" class=\"forminator-input forminator-field--phone\" data-required=\"1\" aria-required=\"true\" autocomplete=\"off\" \/><\/div><\/div><\/div><div class=\"forminator-row\"><div id=\"email-1\" class=\"forminator-field-email forminator-col forminator-col-12\"><div class=\"forminator-field\"><input type=\"email\" name=\"email-1\" value=\"\" placeholder=\"Email\" id=\"forminator-field-email-1_69e2751cb40f1\" class=\"forminator-input forminator-email--field\" data-required=\"true\" aria-required=\"true\" \/><\/div><\/div><\/div><div class=\"forminator-row\"><div id=\"radio-1\" class=\"forminator-field-radio forminator-col forminator-col-12\"><div role=\"radiogroup\" class=\"forminator-field\" aria-labelledby=\"forminator-radiogroup-69e2751cb40f1-label\" aria-describedby=\"forminator-radiogroup-69e2751cb40f1-description\"><label id=\"forminator-field-radio-1-label-1\" for=\"forminator-field-radio-1-1-69e2751cb40f1\" class=\"forminator-radio forminator-radio-inline\" title=\"Offices\"><input type=\"radio\" name=\"radio-1\" value=\"one\" id=\"forminator-field-radio-1-1-69e2751cb40f1\" aria-labelledby=\"forminator-field-radio-1-label-1\" data-calculation=\"0\"   data-hidden-behavior=\"zero\" aria-describedby=\"forminator-field-radio-1-69e2751cb40f1-description\"\/><span class=\"forminator-radio-bullet\" aria-hidden=\"true\"><\/span><span class=\"forminator-radio-label\">Offices<\/span><\/label><label id=\"forminator-field-radio-1-label-2\" for=\"forminator-field-radio-1-2-69e2751cb40f1\" class=\"forminator-radio forminator-radio-inline\" title=\"Coworking\"><input type=\"radio\" name=\"radio-1\" value=\"two\" id=\"forminator-field-radio-1-2-69e2751cb40f1\" aria-labelledby=\"forminator-field-radio-1-label-2\" data-calculation=\"0\"   data-hidden-behavior=\"zero\" aria-describedby=\"forminator-field-radio-1-69e2751cb40f1-description\"\/><span class=\"forminator-radio-bullet\" aria-hidden=\"true\"><\/span><span class=\"forminator-radio-label\">Coworking<\/span><\/label><label id=\"forminator-field-radio-1-label-3\" for=\"forminator-field-radio-1-3-69e2751cb40f1\" class=\"forminator-radio forminator-radio-inline\" title=\"Events\"><input type=\"radio\" name=\"radio-1\" value=\"Eventos\" id=\"forminator-field-radio-1-3-69e2751cb40f1\" aria-labelledby=\"forminator-field-radio-1-label-3\" data-calculation=\"0\"   data-hidden-behavior=\"zero\" aria-describedby=\"forminator-field-radio-1-69e2751cb40f1-description\"\/><span class=\"forminator-radio-bullet\" aria-hidden=\"true\"><\/span><span class=\"forminator-radio-label\">Events<\/span><\/label><\/div><\/div><\/div><div class=\"forminator-row\"><div id=\"textarea-1\" class=\"forminator-field-textarea forminator-col forminator-col-12\"><div class=\"forminator-field\"><textarea name=\"textarea-1\" placeholder=\"Message\" id=\"forminator-field-textarea-1_69e2751cb40f1\" class=\"forminator-textarea\" rows=\"6\" style=\"min-height:150px;\" maxlength=\"300\" ><\/textarea><span id=\"forminator-field-textarea-1_69e2751cb40f1-description\" class=\"forminator-description\"><span data-limit=\"300\" data-type=\"characters\">0 \/ 300<\/span><\/span><\/div><\/div><\/div><div class=\"forminator-row\"><div id=\"consent-1\" class=\"forminator-field-consent forminator-col forminator-col-12\"><div class=\"forminator-field\"><div class=\"forminator-checkbox__wrapper\"><label for=\"forminator-field-consent-1_69e2751cb40f1\" id=\"forminator-field-consent-1_69e2751cb40f1__label\" class=\"forminator-checkbox forminator-consent\" style=\"margin: 0;\"><input type=\"checkbox\" name=\"consent-1\" id=\"forminator-field-consent-1_69e2751cb40f1\" value=\"checked\" aria-labelledby=\"forminator-field-consent-1_69e2751cb40f1-label\" aria-describedby=\"forminator-field-consent-1_69e2751cb40f1__description\" data-required=\"true\" aria-required=\"true\" \/><span class=\"forminator-checkbox-box\" aria-hidden=\"true\"><\/span><\/label><div id=\"forminator-field-consent-1_69e2751cb40f1__description\" class=\"forminator-checkbox__label forminator-consent__label\"><p>I have read and accept the <a rel=\"noopener\" target=\"_blank\" href=\"https:\/\/pruebas.emperadorproperties.com\/en\/politica-de-privacidad\/\">Privacy Policy<\/a> and <a rel=\"noopener\" target=\"_blank\" href=\"https:\/\/pruebas.emperadorproperties.com\/en\/terminos-y-condiciones\/\">legal notice<\/a>.<\/p><\/div><\/div><\/div><\/div><\/div><div class=\"forminator-row\"><div id=\"consent-2\" class=\"forminator-field-consent forminator-col forminator-col-12\"><div class=\"forminator-field\"><label for=\"forminator-field-consent-2_69e2751cb40f1\" id=\"forminator-field-consent-2_69e2751cb40f1-label\" class=\"forminator-label\">Communications<\/label><div class=\"forminator-checkbox__wrapper\"><label for=\"forminator-field-consent-2_69e2751cb40f1\" id=\"forminator-field-consent-2_69e2751cb40f1__label\" class=\"forminator-checkbox forminator-consent\" style=\"margin: 0;\"><input type=\"checkbox\" name=\"consent-2\" id=\"forminator-field-consent-2_69e2751cb40f1\" value=\"checked\" aria-labelledby=\"forminator-field-consent-2_69e2751cb40f1-label\" aria-describedby=\"forminator-field-consent-2_69e2751cb40f1__description\" data-required=\"false\" aria-required=\"false\" \/><span class=\"forminator-checkbox-box\" aria-hidden=\"true\"><\/span><\/label><div id=\"forminator-field-consent-2_69e2751cb40f1__description\" class=\"forminator-checkbox__label forminator-consent__label\"><p>I want to receive relevant timely information.<\/p><\/div><\/div><\/div><\/div><\/div><input type=\"hidden\" name=\"referer_url\" value=\"\" \/><div class=\"forminator-row forminator-row-last\"><div class=\"forminator-col\"><div class=\"forminator-field\"><button class=\"forminator-button forminator-button-submit\">SEND<\/button><\/div><\/div><\/div><input type=\"hidden\" id=\"forminator_nonce\" name=\"forminator_nonce\" value=\"55546beddb\" \/><input type=\"hidden\" name=\"_wp_http_referer\" value=\"\/en\/wp-json\/wp\/v2\/pages\/543\" \/><input type=\"hidden\" name=\"form_id\" value=\"1672\"><input type=\"hidden\" name=\"page_id\" value=\"543\"><input type=\"hidden\" name=\"form_type\" value=\"default\"><input type=\"hidden\" name=\"current_url\" value=\"https:\/\/pruebas.emperadorproperties.com\/en\/tour-virtual-torre-diagonal-one\/\"><input type=\"hidden\" name=\"render_id\" value=\"0\"><input type=\"hidden\" name=\"action\" value=\"forminator_submit_form_custom-forms\"><label for=\"input_8\" class=\"forminator-hidden\" aria-hidden=\"true\">Please do not fill in this field. <input id=\"input_8\" type=\"text\" name=\"input_8\" value=\"\" autocomplete=\"off\"><\/label><input type=\"hidden\" name=\"trp-form-language\" value=\"en\"\/><\/form><\/div>\n\t\t\t\t<\/div>\n\t\t\t\t<\/div>\n\t\t\t\t<\/div>\n\t\t\t\t\t<\/div>\n\t\t\t\t<\/div>\n\t\t\t\t<\/div>","protected":false},"excerpt":{"rendered":"<p>Tour virtual Torre Diagonal One Volver atr\u00e1s Siempre del lado de tu negocio Desde Emperador Properties aseguramos una atenci\u00f3n personalizada, servicios a medida y una gesti\u00f3n eficaz a todos los negocios que conf\u00edan en nosotros para hacer de Torre Diagonal One el lugar perfecto en el que situar su negocio.El lugar perfecto en el que [&hellip;]<\/p>","protected":false},"author":1,"featured_media":0,"parent":0,"menu_order":0,"comment_status":"closed","ping_status":"closed","template":"","meta":{"footnotes":""},"class_list":["post-543","page","type-page","status-publish","hentry"],"yoast_head":"<!-- This site is optimized with the Yoast SEO plugin v22.4 - https:\/\/yoast.com\/wordpress\/plugins\/seo\/ -->\n<title>Tour virtual Torre Diagonal One - Emperador Properties<\/title>\n<meta name=\"robots\" content=\"noindex, follow, max-snippet:-1, max-image-preview:large, max-video-preview:-1\" \/>\n<meta property=\"og:locale\" content=\"en_GB\" \/>\n<meta property=\"og:type\" content=\"article\" \/>\n<meta property=\"og:title\" content=\"Tour virtual Torre Diagonal One - Emperador Properties\" \/>\n<meta property=\"og:description\" content=\"Tour virtual Torre Diagonal One Volver atr\u00e1s Siempre del lado de tu negocio Desde Emperador Properties aseguramos una atenci\u00f3n personalizada, servicios a medida y una gesti\u00f3n eficaz a todos los negocios que conf\u00edan en nosotros para hacer de Torre Diagonal One el lugar perfecto en el que situar su negocio.El lugar perfecto en el que [&hellip;]\" \/>\n<meta property=\"og:url\" content=\"https:\/\/pruebas.emperadorproperties.com\/en\/tour-virtual-torre-diagonal-one\/\" \/>\n<meta property=\"og:site_name\" content=\"Emperador Properties\" \/>\n<meta property=\"article:modified_time\" content=\"2024-04-01T14:41:02+00:00\" \/>\n<meta property=\"og:image\" content=\"https:\/\/pruebas.emperadorproperties.com\/wp-content\/uploads\/2024\/03\/Logo-Torre-Diagonal-ONE-horizontal_blanco-1024x345.png\" \/>\n<meta name=\"twitter:card\" content=\"summary_large_image\" \/>\n<meta name=\"twitter:label1\" content=\"Estimated reading time\" \/>\n\t<meta name=\"twitter:data1\" content=\"1 minute\" \/>\n<script type=\"application\/ld+json\" class=\"yoast-schema-graph\">{\"@context\":\"https:\/\/schema.org\",\"@graph\":[{\"@type\":\"WebPage\",\"@id\":\"https:\/\/pruebas.emperadorproperties.com\/tour-virtual-torre-diagonal-one\/\",\"url\":\"https:\/\/pruebas.emperadorproperties.com\/tour-virtual-torre-diagonal-one\/\",\"name\":\"Tour virtual Torre Diagonal One - Emperador Properties\",\"isPartOf\":{\"@id\":\"https:\/\/pruebas.emperadorproperties.com\/#website\"},\"primaryImageOfPage\":{\"@id\":\"https:\/\/pruebas.emperadorproperties.com\/tour-virtual-torre-diagonal-one\/#primaryimage\"},\"image\":{\"@id\":\"https:\/\/pruebas.emperadorproperties.com\/tour-virtual-torre-diagonal-one\/#primaryimage\"},\"thumbnailUrl\":\"https:\/\/pruebas.emperadorproperties.com\/wp-content\/uploads\/2024\/03\/Logo-Torre-Diagonal-ONE-horizontal_blanco-1024x345.png\",\"datePublished\":\"2024-02-21T08:13:24+00:00\",\"dateModified\":\"2024-04-01T14:41:02+00:00\",\"breadcrumb\":{\"@id\":\"https:\/\/pruebas.emperadorproperties.com\/tour-virtual-torre-diagonal-one\/#breadcrumb\"},\"inLanguage\":\"en-GB\",\"potentialAction\":[{\"@type\":\"ReadAction\",\"target\":[\"https:\/\/pruebas.emperadorproperties.com\/tour-virtual-torre-diagonal-one\/\"]}]},{\"@type\":\"ImageObject\",\"inLanguage\":\"en-GB\",\"@id\":\"https:\/\/pruebas.emperadorproperties.com\/tour-virtual-torre-diagonal-one\/#primaryimage\",\"url\":\"https:\/\/pruebas.emperadorproperties.com\/wp-content\/uploads\/2024\/03\/Logo-Torre-Diagonal-ONE-horizontal_blanco-1024x345.png\",\"contentUrl\":\"https:\/\/pruebas.emperadorproperties.com\/wp-content\/uploads\/2024\/03\/Logo-Torre-Diagonal-ONE-horizontal_blanco-1024x345.png\"},{\"@type\":\"BreadcrumbList\",\"@id\":\"https:\/\/pruebas.emperadorproperties.com\/tour-virtual-torre-diagonal-one\/#breadcrumb\",\"itemListElement\":[{\"@type\":\"ListItem\",\"position\":1,\"name\":\"Portada\",\"item\":\"https:\/\/pruebas.emperadorproperties.com\/\"},{\"@type\":\"ListItem\",\"position\":2,\"name\":\"Tour virtual Torre Diagonal One\"}]},{\"@type\":\"WebSite\",\"@id\":\"https:\/\/pruebas.emperadorproperties.com\/#website\",\"url\":\"https:\/\/pruebas.emperadorproperties.com\/\",\"name\":\"Emperador Properties\",\"description\":\"Coworking Madrid Barcelona\",\"publisher\":{\"@id\":\"https:\/\/pruebas.emperadorproperties.com\/#organization\"},\"potentialAction\":[{\"@type\":\"SearchAction\",\"target\":{\"@type\":\"EntryPoint\",\"urlTemplate\":\"https:\/\/pruebas.emperadorproperties.com\/?s={search_term_string}\"},\"query-input\":\"required name=search_term_string\"}],\"inLanguage\":\"en-GB\"},{\"@type\":\"Organization\",\"@id\":\"https:\/\/pruebas.emperadorproperties.com\/#organization\",\"name\":\"Emperador Properties\",\"url\":\"https:\/\/pruebas.emperadorproperties.com\/\",\"logo\":{\"@type\":\"ImageObject\",\"inLanguage\":\"en-GB\",\"@id\":\"https:\/\/pruebas.emperadorproperties.com\/#\/schema\/logo\/image\/\",\"url\":\"https:\/\/pruebas.emperadorproperties.com\/wp-content\/uploads\/2024\/02\/EmperadorProperties-blanco.svg\",\"contentUrl\":\"https:\/\/pruebas.emperadorproperties.com\/wp-content\/uploads\/2024\/02\/EmperadorProperties-blanco.svg\",\"width\":273,\"height\":131,\"caption\":\"Emperador Properties\"},\"image\":{\"@id\":\"https:\/\/pruebas.emperadorproperties.com\/#\/schema\/logo\/image\/\"}}]}<\/script>\n<!-- \/ Yoast SEO plugin. -->","yoast_head_json":{"title":"Tour virtual Torre Diagonal One - Emperador Properties","robots":{"index":"noindex","follow":"follow","max-snippet":"max-snippet:-1","max-image-preview":"max-image-preview:large","max-video-preview":"max-video-preview:-1"},"og_locale":"en_GB","og_type":"article","og_title":"Tour virtual Torre Diagonal One - Emperador Properties","og_description":"Tour virtual Torre Diagonal One Volver atr\u00e1s Siempre del lado de tu negocio Desde Emperador Properties aseguramos una atenci\u00f3n personalizada, servicios a medida y una gesti\u00f3n eficaz a todos los negocios que conf\u00edan en nosotros para hacer de Torre Diagonal One el lugar perfecto en el que situar su negocio.El lugar perfecto en el que [&hellip;]","og_url":"https:\/\/pruebas.emperadorproperties.com\/en\/tour-virtual-torre-diagonal-one\/","og_site_name":"Emperador Properties","article_modified_time":"2024-04-01T14:41:02+00:00","og_image":[{"url":"https:\/\/pruebas.emperadorproperties.com\/wp-content\/uploads\/2024\/03\/Logo-Torre-Diagonal-ONE-horizontal_blanco-1024x345.png"}],"twitter_card":"summary_large_image","twitter_misc":{"Estimated reading time":"1 minute"},"schema":{"@context":"https:\/\/schema.org","@graph":[{"@type":"WebPage","@id":"https:\/\/pruebas.emperadorproperties.com\/tour-virtual-torre-diagonal-one\/","url":"https:\/\/pruebas.emperadorproperties.com\/tour-virtual-torre-diagonal-one\/","name":"Tour virtual Torre Diagonal One - Emperador Properties","isPartOf":{"@id":"https:\/\/pruebas.emperadorproperties.com\/#website"},"primaryImageOfPage":{"@id":"https:\/\/pruebas.emperadorproperties.com\/tour-virtual-torre-diagonal-one\/#primaryimage"},"image":{"@id":"https:\/\/pruebas.emperadorproperties.com\/tour-virtual-torre-diagonal-one\/#primaryimage"},"thumbnailUrl":"https:\/\/pruebas.emperadorproperties.com\/wp-content\/uploads\/2024\/03\/Logo-Torre-Diagonal-ONE-horizontal_blanco-1024x345.png","datePublished":"2024-02-21T08:13:24+00:00","dateModified":"2024-04-01T14:41:02+00:00","breadcrumb":{"@id":"https:\/\/pruebas.emperadorproperties.com\/tour-virtual-torre-diagonal-one\/#breadcrumb"},"inLanguage":"en-GB","potentialAction":[{"@type":"ReadAction","target":["https:\/\/pruebas.emperadorproperties.com\/tour-virtual-torre-diagonal-one\/"]}]},{"@type":"ImageObject","inLanguage":"en-GB","@id":"https:\/\/pruebas.emperadorproperties.com\/tour-virtual-torre-diagonal-one\/#primaryimage","url":"https:\/\/pruebas.emperadorproperties.com\/wp-content\/uploads\/2024\/03\/Logo-Torre-Diagonal-ONE-horizontal_blanco-1024x345.png","contentUrl":"https:\/\/pruebas.emperadorproperties.com\/wp-content\/uploads\/2024\/03\/Logo-Torre-Diagonal-ONE-horizontal_blanco-1024x345.png"},{"@type":"BreadcrumbList","@id":"https:\/\/pruebas.emperadorproperties.com\/tour-virtual-torre-diagonal-one\/#breadcrumb","itemListElement":[{"@type":"ListItem","position":1,"name":"Portada","item":"https:\/\/pruebas.emperadorproperties.com\/"},{"@type":"ListItem","position":2,"name":"Tour virtual Torre Diagonal One"}]},{"@type":"WebSite","@id":"https:\/\/pruebas.emperadorproperties.com\/#website","url":"https:\/\/pruebas.emperadorproperties.com\/","name":"Emperador Properties","description":"Coworking Madrid Barcelona","publisher":{"@id":"https:\/\/pruebas.emperadorproperties.com\/#organization"},"potentialAction":[{"@type":"SearchAction","target":{"@type":"EntryPoint","urlTemplate":"https:\/\/pruebas.emperadorproperties.com\/?s={search_term_string}"},"query-input":"required name=search_term_string"}],"inLanguage":"en-GB"},{"@type":"Organization","@id":"https:\/\/pruebas.emperadorproperties.com\/#organization","name":"Emperador Properties","url":"https:\/\/pruebas.emperadorproperties.com\/","logo":{"@type":"ImageObject","inLanguage":"en-GB","@id":"https:\/\/pruebas.emperadorproperties.com\/#\/schema\/logo\/image\/","url":"https:\/\/pruebas.emperadorproperties.com\/wp-content\/uploads\/2024\/02\/EmperadorProperties-blanco.svg","contentUrl":"https:\/\/pruebas.emperadorproperties.com\/wp-content\/uploads\/2024\/02\/EmperadorProperties-blanco.svg","width":273,"height":131,"caption":"Emperador Properties"},"image":{"@id":"https:\/\/pruebas.emperadorproperties.com\/#\/schema\/logo\/image\/"}}]}},"_links":{"self":[{"href":"https:\/\/pruebas.emperadorproperties.com\/en\/wp-json\/wp\/v2\/pages\/543","targetHints":{"allow":["GET"]}}],"collection":[{"href":"https:\/\/pruebas.emperadorproperties.com\/en\/wp-json\/wp\/v2\/pages"}],"about":[{"href":"https:\/\/pruebas.emperadorproperties.com\/en\/wp-json\/wp\/v2\/types\/page"}],"author":[{"embeddable":true,"href":"https:\/\/pruebas.emperadorproperties.com\/en\/wp-json\/wp\/v2\/users\/1"}],"replies":[{"embeddable":true,"href":"https:\/\/pruebas.emperadorproperties.com\/en\/wp-json\/wp\/v2\/comments?post=543"}],"version-history":[{"count":5,"href":"https:\/\/pruebas.emperadorproperties.com\/en\/wp-json\/wp\/v2\/pages\/543\/revisions"}],"predecessor-version":[{"id":1749,"href":"https:\/\/pruebas.emperadorproperties.com\/en\/wp-json\/wp\/v2\/pages\/543\/revisions\/1749"}],"wp:attachment":[{"href":"https:\/\/pruebas.emperadorproperties.com\/en\/wp-json\/wp\/v2\/media?parent=543"}],"curies":[{"name":"wp","href":"https:\/\/api.w.org\/{rel}","templated":true}]}}