{"id":3,"date":"2024-02-16T15:21:12","date_gmt":"2024-02-16T15:21:12","guid":{"rendered":"https:\/\/emperador.tempurl.host\/?page_id=3"},"modified":"2024-02-19T20:33:06","modified_gmt":"2024-02-19T19:33:06","slug":"politica-de-privacidad","status":"publish","type":"page","link":"https:\/\/pruebas.emperadorproperties.com\/en\/politica-de-privacidad\/","title":{"rendered":"Privacy policy."},"content":{"rendered":"<p>INFORMACI\u00d3N B\u00c1SICA SOBRE PROTECCI\u00d3N DE DATOS<\/p>\n\n\n\n<figure class=\"wp-block-table\"><table><tbody><tr><td colspan=\"2\"><strong>INFORMACI\u00d3N B\u00c1SICA SOBRE PROTECCI\u00d3N DE DATOS<\/strong><\/td><\/tr><tr><td>Sitio Web<\/td><td><a href=\"https:\/\/pruebas.emperadorproperties.com\/en\/\">www.pruebas.emperadorproperties.com<\/a><\/td><\/tr><tr><td>Titular del sitio web<\/td><td>GLOBAL ONE REAL ESTATE SPAIN, S.A.U.<\/td><\/tr><tr><td>Responsable tratamiento datos<\/td><td>GLOBAL ONE REAL ESTATE SPAIN, S.A.U.<\/td><\/tr><tr><td>Finalidad para los usuarios de la web<\/td><td>Gesti\u00f3n, estudio y respuesta a las consultas planteadas por los usuarios a trav\u00e9s del formulario al efecto.<\/td><\/tr><tr><td>Legitimaci\u00f3n<\/td><td>Consentimiento otorgado por el usuario.<\/td><\/tr><tr><td>Edad legal consentimiento<\/td><td>El Usuario certifica que es mayor de 18 a\u00f1os y que por lo tanto posee la capacidad legal necesaria para la prestaci\u00f3n del consentimiento en cuanto al tratamiento de sus datos de car\u00e1cter personal y todo ello, de conformidad con lo establecido en la presente Pol\u00edtica de Privacidad.<\/td><\/tr><tr><td>Destinatarios<\/td><td>Se comunicar\u00e1n datos a terceros para poder llevar a cabo las finalidades descritas en la presente pol\u00edtica de privacidad. En ning\u00fan caso se ceder\u00e1n datos a terceros para finalidades diferentes a las descritas en este documento.<\/td><\/tr><tr><td>Derechos<\/td><td>Acceder, rectificar y suprimir los datos, as\u00ed como otros derechos, como se explica en la informaci\u00f3n adicional.<\/td><\/tr><tr><td>Informaci\u00f3n adicional<\/td><td>Puede consultar la informaci\u00f3n adicional y detallada sobre Protecci\u00f3n de Datos pinchando&nbsp;<a href=\"https:\/\/pruebas.emperadorproperties.com\/en\/terminos-y-condiciones\/\">aqu\u00ed<\/a>.<\/td><\/tr><\/tbody><\/table><\/figure>\n\n\n\n<p><strong>INFORMACI\u00d3N ADICIONAL SOBRE PROTECCI\u00d3N DE DATOS<\/strong><\/p>\n\n\n\n<p><strong>1.1 \u00bfQui\u00e9n es el titular de esta web?<\/strong><\/p>\n\n\n\n<figure class=\"wp-block-table\"><table><tbody><tr><td>Identidad<\/td><td>GLOBAL ONE REAL ESTATE SPAIN, S.A.U.<\/td><\/tr><tr><td>NIF<\/td><td>A11914033<\/td><\/tr><tr><td>Direcci\u00f3n postal<\/td><td>Paseo de la Castellana n\u00ba259D, planta 28, 28046 Madrid<\/td><\/tr><tr><td>Phone number<\/td><td>917 523 685<\/td><\/tr><tr><td>Email<\/td><td><a href=\"mailto:dpo@emperadorproperties.es\">dpo@emperadorproperties.es<\/a><\/td><\/tr><tr><td>Delegado de Protecci\u00f3n de Datos<\/td><td><a href=\"mailto:dpo@emperadorproperties.es\">dpo@emperadorproperties.es<\/a><\/td><\/tr><\/tbody><\/table><\/figure>\n\n\n\n<p><strong>1.2 \u00bfQui\u00e9n es el responsable del tratamiento de sus datos de car\u00e1cter personal?<\/strong><\/p>\n\n\n\n<figure class=\"wp-block-table\"><table><tbody><tr><td>Identidad<\/td><td>GLOBAL ONE REAL ESTATE SPAIN, S.A.U.<\/td><\/tr><tr><td>NIF<\/td><td>A11914033<\/td><\/tr><tr><td>Direcci\u00f3n postal<\/td><td>Paseo de la Castellana n\u00ba259D, planta 28, 28046 Madrid<\/td><\/tr><tr><td>Phone number<\/td><td>917 523 685<\/td><\/tr><tr><td>Email<\/td><td><a href=\"mailto:dpo@emperadorproperties.es\">dpo@emperadorproperties.es<\/a><\/td><\/tr><tr><td><\/td><td><a href=\"mailto:dpo@emperadorproperties.es\">dpo@emperadorproperties.es<\/a><\/td><\/tr><\/tbody><\/table><\/figure>\n\n\n\n<p><strong>1.3 \u00bfCon qu\u00e9 finalidad trataremos sus datos de car\u00e1cter personal y durante cu\u00e1nto tiempo los conservaremos?<\/strong><\/p>\n\n\n\n<ul class=\"wp-block-list\">\n<li>La empresa tratar\u00e1 sus datos de car\u00e1cter personal exclusivamente para fines determinados, expl\u00edcitos y leg\u00edtimos, y no ser\u00e1n tratados de manera incompatible con dichos fines.<\/li>\n<\/ul>\n\n\n\n<figure class=\"wp-block-table\"><table><tbody><tr><td><strong>Finalidades<\/strong><\/td><\/tr><\/tbody><\/table><\/figure>\n\n\n\n<figure class=\"wp-block-table\"><table><tbody><tr><td>Finalidad 1: usuarios de la p\u00e1gina web.<\/td><td>Gesti\u00f3n, estudio y respuesta a las consultas planteadas por los usuarios a trav\u00e9s del formulario al efecto. La empresa conservar\u00e1 sus datos de car\u00e1cter personal el tiempo necesario seg\u00fan la informaci\u00f3n facilitada y los plazos de conservaci\u00f3n recogidos en normativas que sean aplicables.<\/td><\/tr><\/tbody><\/table><\/figure>\n\n\n\n<ul class=\"wp-block-list\">\n<li>La empresa conservar\u00e1 sus datos de car\u00e1cter personal el tiempo necesario seg\u00fan la informaci\u00f3n facilitada y los plazos de conservaci\u00f3n recogidos en normativas que sean aplicables<\/li>\n<\/ul>\n\n\n\n<p><strong>1.4 \u00bfCu\u00e1l es la legitimaci\u00f3n para el tratamiento de sus datos?<\/strong><\/p>\n\n\n\n<figure class=\"wp-block-table\"><table><tbody><tr><td colspan=\"2\"><strong>Finalidades<\/strong><\/td><\/tr><tr><td>Para los usuarios de la p\u00e1gina web<\/td><td>Consentimiento otorgado por el usuario al marcar la casilla en la que acepta nuestra pol\u00edtica de privacidad.<\/td><\/tr><\/tbody><\/table><\/figure>\n\n\n\n<p><strong>1.5 \u00bfA qu\u00e9 destinatarios se comunicar\u00e1n sus datos?<\/strong><\/p>\n\n\n\n<p>En caso de ser necesario, exclusivamente para el cumplimiento de las finalidades de este tratamiento de datos, la EMPRESA los compartir\u00e1 con prestadores de servicios y consultores externos. Puede solicitar los datos de los delegados de protecci\u00f3n de datos a trav\u00e9s del correo electr\u00f3nico&nbsp;<a href=\"mailto:dpo@emperadorproperties.es\">dpo@emperadorproperties.es<\/a>.<\/p>\n\n\n\n<p><strong>1.6 \u00bfCu\u00e1les son sus derechos cuando nos facilita sus datos?<\/strong><\/p>\n\n\n\n<p>Cualquier persona tiene derecho a obtener confirmaci\u00f3n sobre si en la empresa estamos tratando datos personales que les conciernan, o no.<\/p>\n\n\n\n<p>En concreto, puede usted dirigirse a la empresa a su direcci\u00f3n postal o bien a la direcci\u00f3n de email facilitada en el presente documento con la finalidad de ejercer los siguientes derechos:<\/p>\n\n\n\n<ul class=\"wp-block-list\">\n<li>Derecho a solicitar el acceso a los datos personales relativos al interesado.<\/li>\n\n\n\n<li>Derecho a solicitar su rectificaci\u00f3n o supresi\u00f3n.<\/li>\n\n\n\n<li>Derecho a solicitar la limitaci\u00f3n de su tratamiento.<\/li>\n\n\n\n<li>Derecho a oponerse al tratamiento.<\/li>\n\n\n\n<li>Derecho a la portabilidad de los datos.<\/li>\n<\/ul>\n\n\n\n<p>Puede usted solicitar los formularios necesarios para el ejercicio de estos derechos enviando un correo electr\u00f3nico a la direcci\u00f3n de email facilitada en el presente documento<\/p>\n\n\n\n<p>Dado el car\u00e1cter personal\u00edsimo del ejercicio de cualquiera de estos derechos usted deber\u00e1 adjuntar a la solicitud copia de su carnet de identidad o documento acreditativo equivalente.<\/p>\n\n\n\n<p>Puede usted dirigirse a la Agencia Espa\u00f1ola de protecci\u00f3n de Datos para obtener informaci\u00f3n adicional acerca de sus derechos o presentar una reclamaci\u00f3n ante la misma, especialmente cuando no haya obtenido satisfacci\u00f3n en el ejercicio de sus derechos, obteniendo toda la informaci\u00f3n necesaria para ello a trav\u00e9s de la web&nbsp;<a href=\"http:\/\/www.agpd.es\/\">www.agpd.es<\/a><\/p>","protected":false},"excerpt":{"rendered":"<p>INFORMACI\u00d3N B\u00c1SICA SOBRE PROTECCI\u00d3N DE DATOS INFORMACI\u00d3N B\u00c1SICA SOBRE PROTECCI\u00d3N DE DATOS Sitio Web www.pruebas.emperadorproperties.com Titular del sitio web GLOBAL ONE REAL ESTATE SPAIN, S.A.U. Responsable tratamiento datos GLOBAL ONE REAL ESTATE SPAIN, S.A.U. Finalidad para los usuarios de la web Gesti\u00f3n, estudio y respuesta a las consultas planteadas por los usuarios a trav\u00e9s del [&hellip;]<\/p>","protected":false},"author":1,"featured_media":0,"parent":0,"menu_order":0,"comment_status":"closed","ping_status":"closed","template":"","meta":{"footnotes":""},"class_list":["post-3","page","type-page","status-publish","hentry"],"yoast_head":"<!-- This site is optimized with the Yoast SEO plugin v22.4 - https:\/\/yoast.com\/wordpress\/plugins\/seo\/ -->\n<title>Pol\u00edtica de privacidad - Emperador Properties<\/title>\n<meta name=\"robots\" content=\"noindex, follow, max-snippet:-1, max-image-preview:large, max-video-preview:-1\" \/>\n<meta property=\"og:locale\" content=\"en_GB\" \/>\n<meta property=\"og:type\" content=\"article\" \/>\n<meta property=\"og:title\" content=\"Pol\u00edtica de privacidad - Emperador Properties\" \/>\n<meta property=\"og:description\" content=\"INFORMACI\u00d3N B\u00c1SICA SOBRE PROTECCI\u00d3N DE DATOS INFORMACI\u00d3N B\u00c1SICA SOBRE PROTECCI\u00d3N DE DATOS Sitio Web www.pruebas.emperadorproperties.com Titular del sitio web GLOBAL ONE REAL ESTATE SPAIN, S.A.U. Responsable tratamiento datos GLOBAL ONE REAL ESTATE SPAIN, S.A.U. Finalidad para los usuarios de la web Gesti\u00f3n, estudio y respuesta a las consultas planteadas por los usuarios a trav\u00e9s del [&hellip;]\" \/>\n<meta property=\"og:url\" content=\"https:\/\/pruebas.emperadorproperties.com\/en\/politica-de-privacidad\/\" \/>\n<meta property=\"og:site_name\" content=\"Emperador Properties\" \/>\n<meta property=\"article:modified_time\" content=\"2024-02-19T19:33:06+00:00\" \/>\n<meta name=\"twitter:card\" content=\"summary_large_image\" \/>\n<meta name=\"twitter:label1\" content=\"Estimated reading time\" \/>\n\t<meta name=\"twitter:data1\" content=\"4 minutes\" \/>\n<script type=\"application\/ld+json\" class=\"yoast-schema-graph\">{\"@context\":\"https:\/\/schema.org\",\"@graph\":[{\"@type\":\"WebPage\",\"@id\":\"https:\/\/pruebas.emperadorproperties.com\/politica-de-privacidad\/\",\"url\":\"https:\/\/pruebas.emperadorproperties.com\/politica-de-privacidad\/\",\"name\":\"Pol\u00edtica de privacidad - Emperador Properties\",\"isPartOf\":{\"@id\":\"https:\/\/pruebas.emperadorproperties.com\/#website\"},\"datePublished\":\"2024-02-16T15:21:12+00:00\",\"dateModified\":\"2024-02-19T19:33:06+00:00\",\"breadcrumb\":{\"@id\":\"https:\/\/pruebas.emperadorproperties.com\/politica-de-privacidad\/#breadcrumb\"},\"inLanguage\":\"en-GB\",\"potentialAction\":[{\"@type\":\"ReadAction\",\"target\":[\"https:\/\/pruebas.emperadorproperties.com\/politica-de-privacidad\/\"]}]},{\"@type\":\"BreadcrumbList\",\"@id\":\"https:\/\/pruebas.emperadorproperties.com\/politica-de-privacidad\/#breadcrumb\",\"itemListElement\":[{\"@type\":\"ListItem\",\"position\":1,\"name\":\"Portada\",\"item\":\"https:\/\/pruebas.emperadorproperties.com\/\"},{\"@type\":\"ListItem\",\"position\":2,\"name\":\"Pol\u00edtica de privacidad\"}]},{\"@type\":\"WebSite\",\"@id\":\"https:\/\/pruebas.emperadorproperties.com\/#website\",\"url\":\"https:\/\/pruebas.emperadorproperties.com\/\",\"name\":\"Emperador Properties\",\"description\":\"Coworking Madrid Barcelona\",\"publisher\":{\"@id\":\"https:\/\/pruebas.emperadorproperties.com\/#organization\"},\"potentialAction\":[{\"@type\":\"SearchAction\",\"target\":{\"@type\":\"EntryPoint\",\"urlTemplate\":\"https:\/\/pruebas.emperadorproperties.com\/?s={search_term_string}\"},\"query-input\":\"required name=search_term_string\"}],\"inLanguage\":\"en-GB\"},{\"@type\":\"Organization\",\"@id\":\"https:\/\/pruebas.emperadorproperties.com\/#organization\",\"name\":\"Emperador Properties\",\"url\":\"https:\/\/pruebas.emperadorproperties.com\/\",\"logo\":{\"@type\":\"ImageObject\",\"inLanguage\":\"en-GB\",\"@id\":\"https:\/\/pruebas.emperadorproperties.com\/#\/schema\/logo\/image\/\",\"url\":\"https:\/\/pruebas.emperadorproperties.com\/wp-content\/uploads\/2024\/02\/EmperadorProperties-blanco.svg\",\"contentUrl\":\"https:\/\/pruebas.emperadorproperties.com\/wp-content\/uploads\/2024\/02\/EmperadorProperties-blanco.svg\",\"width\":273,\"height\":131,\"caption\":\"Emperador Properties\"},\"image\":{\"@id\":\"https:\/\/pruebas.emperadorproperties.com\/#\/schema\/logo\/image\/\"}}]}<\/script>\n<!-- \/ Yoast SEO plugin. -->","yoast_head_json":{"title":"Pol\u00edtica de privacidad - Emperador Properties","robots":{"index":"noindex","follow":"follow","max-snippet":"max-snippet:-1","max-image-preview":"max-image-preview:large","max-video-preview":"max-video-preview:-1"},"og_locale":"en_GB","og_type":"article","og_title":"Pol\u00edtica de privacidad - Emperador Properties","og_description":"INFORMACI\u00d3N B\u00c1SICA SOBRE PROTECCI\u00d3N DE DATOS INFORMACI\u00d3N B\u00c1SICA SOBRE PROTECCI\u00d3N DE DATOS Sitio Web www.pruebas.emperadorproperties.com Titular del sitio web GLOBAL ONE REAL ESTATE SPAIN, S.A.U. Responsable tratamiento datos GLOBAL ONE REAL ESTATE SPAIN, S.A.U. Finalidad para los usuarios de la web Gesti\u00f3n, estudio y respuesta a las consultas planteadas por los usuarios a trav\u00e9s del [&hellip;]","og_url":"https:\/\/pruebas.emperadorproperties.com\/en\/politica-de-privacidad\/","og_site_name":"Emperador Properties","article_modified_time":"2024-02-19T19:33:06+00:00","twitter_card":"summary_large_image","twitter_misc":{"Estimated reading time":"4 minutes"},"schema":{"@context":"https:\/\/schema.org","@graph":[{"@type":"WebPage","@id":"https:\/\/pruebas.emperadorproperties.com\/politica-de-privacidad\/","url":"https:\/\/pruebas.emperadorproperties.com\/politica-de-privacidad\/","name":"Pol\u00edtica de privacidad - Emperador Properties","isPartOf":{"@id":"https:\/\/pruebas.emperadorproperties.com\/#website"},"datePublished":"2024-02-16T15:21:12+00:00","dateModified":"2024-02-19T19:33:06+00:00","breadcrumb":{"@id":"https:\/\/pruebas.emperadorproperties.com\/politica-de-privacidad\/#breadcrumb"},"inLanguage":"en-GB","potentialAction":[{"@type":"ReadAction","target":["https:\/\/pruebas.emperadorproperties.com\/politica-de-privacidad\/"]}]},{"@type":"BreadcrumbList","@id":"https:\/\/pruebas.emperadorproperties.com\/politica-de-privacidad\/#breadcrumb","itemListElement":[{"@type":"ListItem","position":1,"name":"Portada","item":"https:\/\/pruebas.emperadorproperties.com\/"},{"@type":"ListItem","position":2,"name":"Pol\u00edtica de privacidad"}]},{"@type":"WebSite","@id":"https:\/\/pruebas.emperadorproperties.com\/#website","url":"https:\/\/pruebas.emperadorproperties.com\/","name":"Emperador Properties","description":"Coworking Madrid Barcelona","publisher":{"@id":"https:\/\/pruebas.emperadorproperties.com\/#organization"},"potentialAction":[{"@type":"SearchAction","target":{"@type":"EntryPoint","urlTemplate":"https:\/\/pruebas.emperadorproperties.com\/?s={search_term_string}"},"query-input":"required name=search_term_string"}],"inLanguage":"en-GB"},{"@type":"Organization","@id":"https:\/\/pruebas.emperadorproperties.com\/#organization","name":"Emperador Properties","url":"https:\/\/pruebas.emperadorproperties.com\/","logo":{"@type":"ImageObject","inLanguage":"en-GB","@id":"https:\/\/pruebas.emperadorproperties.com\/#\/schema\/logo\/image\/","url":"https:\/\/pruebas.emperadorproperties.com\/wp-content\/uploads\/2024\/02\/EmperadorProperties-blanco.svg","contentUrl":"https:\/\/pruebas.emperadorproperties.com\/wp-content\/uploads\/2024\/02\/EmperadorProperties-blanco.svg","width":273,"height":131,"caption":"Emperador Properties"},"image":{"@id":"https:\/\/pruebas.emperadorproperties.com\/#\/schema\/logo\/image\/"}}]}},"_links":{"self":[{"href":"https:\/\/pruebas.emperadorproperties.com\/en\/wp-json\/wp\/v2\/pages\/3","targetHints":{"allow":["GET"]}}],"collection":[{"href":"https:\/\/pruebas.emperadorproperties.com\/en\/wp-json\/wp\/v2\/pages"}],"about":[{"href":"https:\/\/pruebas.emperadorproperties.com\/en\/wp-json\/wp\/v2\/types\/page"}],"author":[{"embeddable":true,"href":"https:\/\/pruebas.emperadorproperties.com\/en\/wp-json\/wp\/v2\/users\/1"}],"replies":[{"embeddable":true,"href":"https:\/\/pruebas.emperadorproperties.com\/en\/wp-json\/wp\/v2\/comments?post=3"}],"version-history":[{"count":1,"href":"https:\/\/pruebas.emperadorproperties.com\/en\/wp-json\/wp\/v2\/pages\/3\/revisions"}],"predecessor-version":[{"id":148,"href":"https:\/\/pruebas.emperadorproperties.com\/en\/wp-json\/wp\/v2\/pages\/3\/revisions\/148"}],"wp:attachment":[{"href":"https:\/\/pruebas.emperadorproperties.com\/en\/wp-json\/wp\/v2\/media?parent=3"}],"curies":[{"name":"wp","href":"https:\/\/api.w.org\/{rel}","templated":true}]}}