{"id":154,"date":"2024-02-19T20:39:15","date_gmt":"2024-02-19T19:39:15","guid":{"rendered":"https:\/\/emperador.tempurl.host\/?page_id=154"},"modified":"2024-02-19T20:43:45","modified_gmt":"2024-02-19T19:43:45","slug":"compliance","status":"publish","type":"page","link":"https:\/\/pruebas.emperadorproperties.com\/en\/compliance\/","title":{"rendered":"Compliance"},"content":{"rendered":"<h1 class=\"wp-block-heading\">Sistema de prevenci\u00f3n de delitos<\/h1>\n\n\n\n<p>Con el objetivo de contar con un adecuado programa de cumplimiento normativo, se ha desarrollado para las sociedades espa\u00f1olas inmobiliarias de Grupo Emperador (\u201c<strong>Emperador Properties<\/strong>\u201d) una serie de pol\u00edticas y procedimientos que contemplan de forma expresa la posibilidad de evitar que las mismas puedan incurrir en responsabilidad penal por los delitos cometidos por sus representantes, administradores y empleados.<\/p>\n\n\n\n<p>Entre dichas pol\u00edticas y procedimientos destacan dos, que se recogen en los siguientes documentos, que se encuentran a continuaci\u00f3n:<\/p>\n\n\n\n<h2 class=\"wp-block-heading\"><a href=\"https:\/\/pruebas.emperadorproperties.com\/wp-content\/uploads\/2021\/08\/Politica-Compliance-Emperador-Properties.pdf\">1.&nbsp;<strong>Pol\u00edtica de Compliance<\/strong>:<\/a><\/h2>\n\n\n\n<p>Es el marco de referencia para la implantaci\u00f3n de un sistema de prevenci\u00f3n de delitos, donde se definen los compromisos, principios y objetivos del sistema que se han implantado para las sociedades que forman parte de Emperador Properties. La finalidad de esta pol\u00edtica es proporcionar una visi\u00f3n general del modelo de prevenci\u00f3n de delitos, formando y sensibilizando a todos los profesionales, directivos y apoderados sobre los riesgos penales a los que est\u00e1n expuestas sus actuaciones.<\/p>\n\n\n\n<p><strong><a href=\"https:\/\/emperador.tempurl.host\/wp-content\/uploads\/2024\/02\/220309-LEG-Politica-Compliance-EP.pdf\">Descargar PDF<\/a><\/strong><\/p>\n\n\n\n<h2 class=\"wp-block-heading\"><a href=\"https:\/\/pruebas.emperadorproperties.com\/wp-content\/uploads\/2021\/08\/Codigo-Etico-Emperador-Properties.pdf\">2.&nbsp;<strong>C\u00f3digo \u00c9tico<\/strong>:<\/a><\/h2>\n\n\n\n<p>La finalidad que persigue este c\u00f3digo es definir los principios generales y normas b\u00e1sicas de gobierno corporativo y de conducta que rigen las actividades de las sociedades que forman parte de Emperador Properties, aplicables tanto a la relaci\u00f3n con sus empleados como a la relaci\u00f3n de los empleados entre s\u00ed en el desarrollo de sus actividades profesionales. Este c\u00f3digo tiene especialmente en cuenta las obligaciones y los principios \u00e9ticos y de conducta que enmarcan la actuaci\u00f3n de todos los empleados de las sociedades que forman parte de Emperador Properties.<\/p>\n\n\n\n<p><a href=\"https:\/\/emperador.tempurl.host\/wp-content\/uploads\/2024\/02\/220307-LEG-Codigo-Etico-EP-1.pdf\"><strong>Descargar PDF<\/strong><\/a><\/p>\n\n\n\n<p>Atentamente,<\/p>\n\n\n\n<p>EMPERADOR PROPERTIES<\/p>","protected":false},"excerpt":{"rendered":"<p>Sistema de prevenci\u00f3n de delitos Con el objetivo de contar con un adecuado programa de cumplimiento normativo, se ha desarrollado para las sociedades espa\u00f1olas inmobiliarias de Grupo Emperador (\u201cEmperador Properties\u201d) una serie de pol\u00edticas y procedimientos que contemplan de forma expresa la posibilidad de evitar que las mismas puedan incurrir en responsabilidad penal por los [&hellip;]<\/p>","protected":false},"author":1,"featured_media":0,"parent":0,"menu_order":0,"comment_status":"closed","ping_status":"closed","template":"","meta":{"footnotes":""},"class_list":["post-154","page","type-page","status-publish","hentry"],"yoast_head":"<!-- This site is optimized with the Yoast SEO plugin v22.4 - https:\/\/yoast.com\/wordpress\/plugins\/seo\/ -->\n<title>Compliance - Emperador Properties<\/title>\n<meta name=\"robots\" content=\"noindex, follow, max-snippet:-1, max-image-preview:large, max-video-preview:-1\" \/>\n<meta property=\"og:locale\" content=\"en_GB\" \/>\n<meta property=\"og:type\" content=\"article\" \/>\n<meta property=\"og:title\" content=\"Compliance - Emperador Properties\" \/>\n<meta property=\"og:description\" content=\"Sistema de prevenci\u00f3n de delitos Con el objetivo de contar con un adecuado programa de cumplimiento normativo, se ha desarrollado para las sociedades espa\u00f1olas inmobiliarias de Grupo Emperador (\u201cEmperador Properties\u201d) una serie de pol\u00edticas y procedimientos que contemplan de forma expresa la posibilidad de evitar que las mismas puedan incurrir en responsabilidad penal por los [&hellip;]\" \/>\n<meta property=\"og:url\" content=\"https:\/\/pruebas.emperadorproperties.com\/en\/compliance\/\" \/>\n<meta property=\"og:site_name\" content=\"Emperador Properties\" \/>\n<meta property=\"article:modified_time\" content=\"2024-02-19T19:43:45+00:00\" \/>\n<meta name=\"twitter:card\" content=\"summary_large_image\" \/>\n<meta name=\"twitter:label1\" content=\"Estimated reading time\" \/>\n\t<meta name=\"twitter:data1\" content=\"1 minute\" \/>\n<script type=\"application\/ld+json\" class=\"yoast-schema-graph\">{\"@context\":\"https:\/\/schema.org\",\"@graph\":[{\"@type\":\"WebPage\",\"@id\":\"https:\/\/pruebas.emperadorproperties.com\/compliance\/\",\"url\":\"https:\/\/pruebas.emperadorproperties.com\/compliance\/\",\"name\":\"Compliance - Emperador Properties\",\"isPartOf\":{\"@id\":\"https:\/\/pruebas.emperadorproperties.com\/#website\"},\"datePublished\":\"2024-02-19T19:39:15+00:00\",\"dateModified\":\"2024-02-19T19:43:45+00:00\",\"breadcrumb\":{\"@id\":\"https:\/\/pruebas.emperadorproperties.com\/compliance\/#breadcrumb\"},\"inLanguage\":\"en-GB\",\"potentialAction\":[{\"@type\":\"ReadAction\",\"target\":[\"https:\/\/pruebas.emperadorproperties.com\/compliance\/\"]}]},{\"@type\":\"BreadcrumbList\",\"@id\":\"https:\/\/pruebas.emperadorproperties.com\/compliance\/#breadcrumb\",\"itemListElement\":[{\"@type\":\"ListItem\",\"position\":1,\"name\":\"Portada\",\"item\":\"https:\/\/pruebas.emperadorproperties.com\/\"},{\"@type\":\"ListItem\",\"position\":2,\"name\":\"Compliance\"}]},{\"@type\":\"WebSite\",\"@id\":\"https:\/\/pruebas.emperadorproperties.com\/#website\",\"url\":\"https:\/\/pruebas.emperadorproperties.com\/\",\"name\":\"Emperador Properties\",\"description\":\"Coworking Madrid Barcelona\",\"publisher\":{\"@id\":\"https:\/\/pruebas.emperadorproperties.com\/#organization\"},\"potentialAction\":[{\"@type\":\"SearchAction\",\"target\":{\"@type\":\"EntryPoint\",\"urlTemplate\":\"https:\/\/pruebas.emperadorproperties.com\/?s={search_term_string}\"},\"query-input\":\"required name=search_term_string\"}],\"inLanguage\":\"en-GB\"},{\"@type\":\"Organization\",\"@id\":\"https:\/\/pruebas.emperadorproperties.com\/#organization\",\"name\":\"Emperador Properties\",\"url\":\"https:\/\/pruebas.emperadorproperties.com\/\",\"logo\":{\"@type\":\"ImageObject\",\"inLanguage\":\"en-GB\",\"@id\":\"https:\/\/pruebas.emperadorproperties.com\/#\/schema\/logo\/image\/\",\"url\":\"https:\/\/pruebas.emperadorproperties.com\/wp-content\/uploads\/2024\/02\/EmperadorProperties-blanco.svg\",\"contentUrl\":\"https:\/\/pruebas.emperadorproperties.com\/wp-content\/uploads\/2024\/02\/EmperadorProperties-blanco.svg\",\"width\":273,\"height\":131,\"caption\":\"Emperador Properties\"},\"image\":{\"@id\":\"https:\/\/pruebas.emperadorproperties.com\/#\/schema\/logo\/image\/\"}}]}<\/script>\n<!-- \/ Yoast SEO plugin. -->","yoast_head_json":{"title":"Compliance - Emperador Properties","robots":{"index":"noindex","follow":"follow","max-snippet":"max-snippet:-1","max-image-preview":"max-image-preview:large","max-video-preview":"max-video-preview:-1"},"og_locale":"en_GB","og_type":"article","og_title":"Compliance - Emperador Properties","og_description":"Sistema de prevenci\u00f3n de delitos Con el objetivo de contar con un adecuado programa de cumplimiento normativo, se ha desarrollado para las sociedades espa\u00f1olas inmobiliarias de Grupo Emperador (\u201cEmperador Properties\u201d) una serie de pol\u00edticas y procedimientos que contemplan de forma expresa la posibilidad de evitar que las mismas puedan incurrir en responsabilidad penal por los [&hellip;]","og_url":"https:\/\/pruebas.emperadorproperties.com\/en\/compliance\/","og_site_name":"Emperador Properties","article_modified_time":"2024-02-19T19:43:45+00:00","twitter_card":"summary_large_image","twitter_misc":{"Estimated reading time":"1 minute"},"schema":{"@context":"https:\/\/schema.org","@graph":[{"@type":"WebPage","@id":"https:\/\/pruebas.emperadorproperties.com\/compliance\/","url":"https:\/\/pruebas.emperadorproperties.com\/compliance\/","name":"Compliance - Emperador Properties","isPartOf":{"@id":"https:\/\/pruebas.emperadorproperties.com\/#website"},"datePublished":"2024-02-19T19:39:15+00:00","dateModified":"2024-02-19T19:43:45+00:00","breadcrumb":{"@id":"https:\/\/pruebas.emperadorproperties.com\/compliance\/#breadcrumb"},"inLanguage":"en-GB","potentialAction":[{"@type":"ReadAction","target":["https:\/\/pruebas.emperadorproperties.com\/compliance\/"]}]},{"@type":"BreadcrumbList","@id":"https:\/\/pruebas.emperadorproperties.com\/compliance\/#breadcrumb","itemListElement":[{"@type":"ListItem","position":1,"name":"Portada","item":"https:\/\/pruebas.emperadorproperties.com\/"},{"@type":"ListItem","position":2,"name":"Compliance"}]},{"@type":"WebSite","@id":"https:\/\/pruebas.emperadorproperties.com\/#website","url":"https:\/\/pruebas.emperadorproperties.com\/","name":"Emperador Properties","description":"Coworking Madrid Barcelona","publisher":{"@id":"https:\/\/pruebas.emperadorproperties.com\/#organization"},"potentialAction":[{"@type":"SearchAction","target":{"@type":"EntryPoint","urlTemplate":"https:\/\/pruebas.emperadorproperties.com\/?s={search_term_string}"},"query-input":"required name=search_term_string"}],"inLanguage":"en-GB"},{"@type":"Organization","@id":"https:\/\/pruebas.emperadorproperties.com\/#organization","name":"Emperador Properties","url":"https:\/\/pruebas.emperadorproperties.com\/","logo":{"@type":"ImageObject","inLanguage":"en-GB","@id":"https:\/\/pruebas.emperadorproperties.com\/#\/schema\/logo\/image\/","url":"https:\/\/pruebas.emperadorproperties.com\/wp-content\/uploads\/2024\/02\/EmperadorProperties-blanco.svg","contentUrl":"https:\/\/pruebas.emperadorproperties.com\/wp-content\/uploads\/2024\/02\/EmperadorProperties-blanco.svg","width":273,"height":131,"caption":"Emperador Properties"},"image":{"@id":"https:\/\/pruebas.emperadorproperties.com\/#\/schema\/logo\/image\/"}}]}},"_links":{"self":[{"href":"https:\/\/pruebas.emperadorproperties.com\/en\/wp-json\/wp\/v2\/pages\/154","targetHints":{"allow":["GET"]}}],"collection":[{"href":"https:\/\/pruebas.emperadorproperties.com\/en\/wp-json\/wp\/v2\/pages"}],"about":[{"href":"https:\/\/pruebas.emperadorproperties.com\/en\/wp-json\/wp\/v2\/types\/page"}],"author":[{"embeddable":true,"href":"https:\/\/pruebas.emperadorproperties.com\/en\/wp-json\/wp\/v2\/users\/1"}],"replies":[{"embeddable":true,"href":"https:\/\/pruebas.emperadorproperties.com\/en\/wp-json\/wp\/v2\/comments?post=154"}],"version-history":[{"count":2,"href":"https:\/\/pruebas.emperadorproperties.com\/en\/wp-json\/wp\/v2\/pages\/154\/revisions"}],"predecessor-version":[{"id":162,"href":"https:\/\/pruebas.emperadorproperties.com\/en\/wp-json\/wp\/v2\/pages\/154\/revisions\/162"}],"wp:attachment":[{"href":"https:\/\/pruebas.emperadorproperties.com\/en\/wp-json\/wp\/v2\/media?parent=154"}],"curies":[{"name":"wp","href":"https:\/\/api.w.org\/{rel}","templated":true}]}}