{"id":150,"date":"2024-02-19T20:33:58","date_gmt":"2024-02-19T19:33:58","guid":{"rendered":"https:\/\/emperador.tempurl.host\/?page_id=150"},"modified":"2024-02-19T20:34:02","modified_gmt":"2024-02-19T19:34:02","slug":"politica-de-cookies","status":"publish","type":"page","link":"https:\/\/pruebas.emperadorproperties.com\/en\/politica-de-cookies\/","title":{"rendered":"Cookies policy"},"content":{"rendered":"<p><strong>DEFINICI\u00d3N DE COOKIES.<\/strong><\/p>\n\n\n\n<p>Una cookie es un fichero que se descarga en su ordenador al acceder a determinadas p\u00e1ginas web. Las cookies permiten a una p\u00e1gina web, entre otras cosas, almacenar y recuperar informaci\u00f3n sobre los h\u00e1bitos de navegaci\u00f3n de un usuario o de su equipo y, dependiendo de la informaci\u00f3n que contengan y de la forma en que utilice su equipo, pueden utilizarse para reconocer al usuario.<\/p>\n\n\n\n<p>La web de GLOBAL ONE REAL ESTATE SPAIN, S.A.U. utiliza cookies propias y de terceros, todas en el dominio&nbsp;<a href=\"https:\/\/pruebas.emperadorproperties.com\/en\/\">www.pruebas.emperadorproperties.com<\/a>&nbsp; &nbsp;<\/p>\n\n\n\n<p><strong>\u00bfPor qu\u00e9 debo permitir las cookies?<\/strong><\/p>\n\n\n\n<p>Al permitir las cookies, podr\u00e1s obtener una mejor experiencia en nuestro sitio web.<\/p>\n\n\n\n<p>Adem\u00e1s, hay algunas acciones b\u00e1sicas que requieren cookies, tales como la compra de una l\u00ednea de tel\u00e9fono o gestiones en el \u00e1rea de clientes.<\/p>\n\n\n\n<p>Por ejemplo, usamos cookies en los siguientes casos:<\/p>\n\n\n\n<p>Cuando te logas en tu cuenta<\/p>\n\n\n\n<p>Un hist\u00f3rico de tus preferencias para tu pr\u00f3xima visita<\/p>\n\n\n\n<p>Proporcionar contenido personalizado<\/p>\n\n\n\n<p><strong>\u00bfQu\u00e9 pasa si bloqueo las cookies?<\/strong><\/p>\n\n\n\n<p>Si decides bloquear las cookies, puede impedir el correcto funcionamiento de algunas caracter\u00edsticas de la web de amena.com. Esto restringir\u00e1 lo que puedes hacer en nuestra web.<\/p>\n\n\n\n<p>Si aceptas estas limitaciones y decides bloquear las cookies, por favor sigue las instrucciones para tu navegador en la siguiente secci\u00f3n.<\/p>\n\n\n\n<p><strong>\u00bfC\u00f3mo puedo bloquear o permitir las cookies?<\/strong><\/p>\n\n\n\n<p>La mayor\u00eda de los navegadores est\u00e1n configurados de forma predeterminada para aceptar cookies, pero puedes cambiar la configuraci\u00f3n para bloquear algunas o todas las cookies, si lo prefieres. Si no te gusta c\u00f3mo esto afecta a su experiencia online, es igual de f\u00e1cil de cambiar las cosas de nuevo.<\/p>\n\n\n\n<p>Elige tu navegador de la siguiente lista:<\/p>\n\n\n\n<p>Chrome,&nbsp;&nbsp;desde http:\/\/support.google.com\/chrome\/bin\/answer.py?hl=es&amp;answer=95647<\/p>\n\n\n\n<p>Explorer, desde<\/p>\n\n\n\n<p>http:\/\/windows.microsoft.com\/es-es\/windows7\/how-to-manage-cookies-in-internet-explorer-9<\/p>\n\n\n\n<p>Firefox, desde<\/p>\n\n\n\n<p>http:\/\/support.mozilla.org\/es\/kb\/habilitar-y-deshabilitar-cookies-que-los-sitios-we<\/p>\n\n\n\n<p>Safari, desde<\/p>\n\n\n\n<p>http:\/\/support.apple.com\/kb\/ph5042<\/p>\n\n\n\n<p><strong>TIPOS DE COOKIES.<\/strong><\/p>\n\n\n\n<p><strong>1.- Tipos de cookies, seg\u00fan la entidad que las gestione:<\/strong><\/p>\n\n\n\n<p>a) Cookies Propias:&nbsp;Son aquellas que se env\u00edan al equipo terminal del usuario desde un equipo o dominio gestionado por el propio editor y desde que se presta el servicio solicitado por el usuario.<\/p>\n\n\n\n<p>b) Cookies de terceros:&nbsp;Son aquellas que se env\u00edan al equipo terminal del usuario desde un equipo o dominio que no es gestionado por el editor, sino por otra entidad que trata los datos obtenidos a trav\u00e9s de las cookies.<\/p>\n\n\n\n<p><strong>2.- Tipos de cookies, seg\u00fan su finalidad:<\/strong><\/p>\n\n\n\n<p>a) Cookies T\u00e9cnicas: Son aquellas que permiten al usuario la navegaci\u00f3n a trav\u00e9s de la p\u00e1gina web, plataforma o aplicaci\u00f3n y la utilizaci\u00f3n de las diferentes opciones o servicios que en ella existen.<\/p>\n\n\n\n<p>b) Cookies de An\u00e1lisis: Son aquellas que permiten al responsable de las mismas, el seguimiento y an\u00e1lisis del comportamiento de los usuarios de los sitios web a los que est\u00e1n vinculadas.<\/p>\n\n\n\n<p>c) Cookies de personalizaci\u00f3n: Estas cookies almacenan informaci\u00f3n del comportamiento del usuario obtenida a trav\u00e9s del registro de sus h\u00e1bitos de navegaci\u00f3n, lo que permite desarrollar un perfil espec\u00edfico para ofrecer informaci\u00f3n comercial adaptada a sus gustos y preferencias. Almacenan informaci\u00f3n como el tipo de conexi\u00f3n, idioma, patrones de navegaci\u00f3n o ubicaci\u00f3n.<\/p>\n\n\n\n<p><strong>3.-Tipos de cookies, seg\u00fan el plazo de tiempo de tiempo que permanecen activadas:<\/strong><\/p>\n\n\n\n<p>a) Cookies de Sesi\u00f3n: Son las dise\u00f1adas para recabar y almacenar datos mientras el usuario accede a una p\u00e1gina web. Se suelen emplear para la prestaci\u00f3n del servicio solicitado por el usuario en una sola ocasi\u00f3n.<\/p>\n\n\n\n<p>b) Cookies Persistentes:&nbsp;Son las dise\u00f1adas para que los datos sigan almacenados en el terminal y pueden ser accedidos y tratados durante un periodo definido por el responsable de la cookie, y que puede ir de unos minutos a varios a\u00f1os.<\/p>\n\n\n\n<p><strong>COOKIES EMPLEADAS EN&nbsp;<\/strong><a href=\"https:\/\/pruebas.emperadorproperties.com\/en\/\"><strong>www.pruebas.emperadorproperties.com<\/strong><\/a><\/p>\n\n\n\n<figure class=\"wp-block-table\"><table><tbody><tr><td><strong>NOMBRE<\/strong><\/td><td><strong>ORIGEN<\/strong><\/td><td><strong>PERMANENCIA<\/strong><\/td><td><strong>DESCRIPCI\u00d3N<\/strong><\/td><\/tr><tr><td>_ga<\/td><td>Propias<\/td><td>2 a\u00f1os<\/td><td>Se usa para distinguir a los usuarios.<\/td><\/tr><tr><td>_gid<\/td><td>Propias<\/td><td>24 horas<\/td><td>Se usa para distinguir a los usuarios.<\/td><\/tr><tr><td>_gat<\/td><td>Propias<\/td><td>1 minuto<\/td><td>Se usa para limitar el n\u00famero de solicitudes. Si se ha implementado Google Analytics mediante Google Tag Manager, esta cookie se llamar\u00e1 _dc_gtm_&lt;property- id&gt;.<\/td><\/tr><tr><td>AMP_TOKEN<\/td><td>Propias<\/td><td>De 30 segundos a 1 a\u00f1o<\/td><td>Incluye un token que se puede utilizar para recuperar un ID de cliente de servicio de IDs de cliente de AMP. Otros posibles valores indican inhabilitaciones solicitudes en curso o errores obtenidos al recuperar un ID del servicio de IDs de cliente de AMP<\/td><\/tr><tr><td>_gac_&lt;property -id&gt;<\/td><td>Propias<\/td><td>90 d\u00edas<\/td><td>Incluye informaci\u00f3n de la campa\u00f1a relativa al usuario. Si has vinculado tus cuentas de Google Analytics y Google Ads, las etiquetas de conversi\u00f3n en sitio web de Google Ads leer\u00e1n esta cookie, a menos que se inhabilite.<\/td><\/tr><\/tbody><\/table><\/figure>","protected":false},"excerpt":{"rendered":"<p>DEFINICI\u00d3N DE COOKIES. Una cookie es un fichero que se descarga en su ordenador al acceder a determinadas p\u00e1ginas web. Las cookies permiten a una p\u00e1gina web, entre otras cosas, almacenar y recuperar informaci\u00f3n sobre los h\u00e1bitos de navegaci\u00f3n de un usuario o de su equipo y, dependiendo de la informaci\u00f3n que contengan y de [&hellip;]<\/p>","protected":false},"author":1,"featured_media":0,"parent":0,"menu_order":0,"comment_status":"closed","ping_status":"closed","template":"","meta":{"footnotes":""},"class_list":["post-150","page","type-page","status-publish","hentry"],"yoast_head":"<!-- This site is optimized with the Yoast SEO plugin v22.4 - https:\/\/yoast.com\/wordpress\/plugins\/seo\/ -->\n<title>Pol\u00edtica de cookies - Emperador Properties<\/title>\n<meta name=\"robots\" content=\"noindex, follow, max-snippet:-1, max-image-preview:large, max-video-preview:-1\" \/>\n<meta property=\"og:locale\" content=\"en_GB\" \/>\n<meta property=\"og:type\" content=\"article\" \/>\n<meta property=\"og:title\" content=\"Pol\u00edtica de cookies - Emperador Properties\" \/>\n<meta property=\"og:description\" content=\"DEFINICI\u00d3N DE COOKIES. Una cookie es un fichero que se descarga en su ordenador al acceder a determinadas p\u00e1ginas web. Las cookies permiten a una p\u00e1gina web, entre otras cosas, almacenar y recuperar informaci\u00f3n sobre los h\u00e1bitos de navegaci\u00f3n de un usuario o de su equipo y, dependiendo de la informaci\u00f3n que contengan y de [&hellip;]\" \/>\n<meta property=\"og:url\" content=\"https:\/\/pruebas.emperadorproperties.com\/en\/politica-de-cookies\/\" \/>\n<meta property=\"og:site_name\" content=\"Emperador Properties\" \/>\n<meta property=\"article:modified_time\" content=\"2024-02-19T19:34:02+00:00\" \/>\n<meta name=\"twitter:card\" content=\"summary_large_image\" \/>\n<meta name=\"twitter:label1\" content=\"Estimated reading time\" \/>\n\t<meta name=\"twitter:data1\" content=\"4 minutes\" \/>\n<script type=\"application\/ld+json\" class=\"yoast-schema-graph\">{\"@context\":\"https:\/\/schema.org\",\"@graph\":[{\"@type\":\"WebPage\",\"@id\":\"https:\/\/pruebas.emperadorproperties.com\/politica-de-cookies\/\",\"url\":\"https:\/\/pruebas.emperadorproperties.com\/politica-de-cookies\/\",\"name\":\"Pol\u00edtica de cookies - Emperador Properties\",\"isPartOf\":{\"@id\":\"https:\/\/pruebas.emperadorproperties.com\/#website\"},\"datePublished\":\"2024-02-19T19:33:58+00:00\",\"dateModified\":\"2024-02-19T19:34:02+00:00\",\"breadcrumb\":{\"@id\":\"https:\/\/pruebas.emperadorproperties.com\/politica-de-cookies\/#breadcrumb\"},\"inLanguage\":\"en-GB\",\"potentialAction\":[{\"@type\":\"ReadAction\",\"target\":[\"https:\/\/pruebas.emperadorproperties.com\/politica-de-cookies\/\"]}]},{\"@type\":\"BreadcrumbList\",\"@id\":\"https:\/\/pruebas.emperadorproperties.com\/politica-de-cookies\/#breadcrumb\",\"itemListElement\":[{\"@type\":\"ListItem\",\"position\":1,\"name\":\"Portada\",\"item\":\"https:\/\/pruebas.emperadorproperties.com\/\"},{\"@type\":\"ListItem\",\"position\":2,\"name\":\"Pol\u00edtica de cookies\"}]},{\"@type\":\"WebSite\",\"@id\":\"https:\/\/pruebas.emperadorproperties.com\/#website\",\"url\":\"https:\/\/pruebas.emperadorproperties.com\/\",\"name\":\"Emperador Properties\",\"description\":\"Coworking Madrid Barcelona\",\"publisher\":{\"@id\":\"https:\/\/pruebas.emperadorproperties.com\/#organization\"},\"potentialAction\":[{\"@type\":\"SearchAction\",\"target\":{\"@type\":\"EntryPoint\",\"urlTemplate\":\"https:\/\/pruebas.emperadorproperties.com\/?s={search_term_string}\"},\"query-input\":\"required name=search_term_string\"}],\"inLanguage\":\"en-GB\"},{\"@type\":\"Organization\",\"@id\":\"https:\/\/pruebas.emperadorproperties.com\/#organization\",\"name\":\"Emperador Properties\",\"url\":\"https:\/\/pruebas.emperadorproperties.com\/\",\"logo\":{\"@type\":\"ImageObject\",\"inLanguage\":\"en-GB\",\"@id\":\"https:\/\/pruebas.emperadorproperties.com\/#\/schema\/logo\/image\/\",\"url\":\"https:\/\/pruebas.emperadorproperties.com\/wp-content\/uploads\/2024\/02\/EmperadorProperties-blanco.svg\",\"contentUrl\":\"https:\/\/pruebas.emperadorproperties.com\/wp-content\/uploads\/2024\/02\/EmperadorProperties-blanco.svg\",\"width\":273,\"height\":131,\"caption\":\"Emperador Properties\"},\"image\":{\"@id\":\"https:\/\/pruebas.emperadorproperties.com\/#\/schema\/logo\/image\/\"}}]}<\/script>\n<!-- \/ Yoast SEO plugin. -->","yoast_head_json":{"title":"Pol\u00edtica de cookies - Emperador Properties","robots":{"index":"noindex","follow":"follow","max-snippet":"max-snippet:-1","max-image-preview":"max-image-preview:large","max-video-preview":"max-video-preview:-1"},"og_locale":"en_GB","og_type":"article","og_title":"Pol\u00edtica de cookies - Emperador Properties","og_description":"DEFINICI\u00d3N DE COOKIES. Una cookie es un fichero que se descarga en su ordenador al acceder a determinadas p\u00e1ginas web. Las cookies permiten a una p\u00e1gina web, entre otras cosas, almacenar y recuperar informaci\u00f3n sobre los h\u00e1bitos de navegaci\u00f3n de un usuario o de su equipo y, dependiendo de la informaci\u00f3n que contengan y de [&hellip;]","og_url":"https:\/\/pruebas.emperadorproperties.com\/en\/politica-de-cookies\/","og_site_name":"Emperador Properties","article_modified_time":"2024-02-19T19:34:02+00:00","twitter_card":"summary_large_image","twitter_misc":{"Estimated reading time":"4 minutes"},"schema":{"@context":"https:\/\/schema.org","@graph":[{"@type":"WebPage","@id":"https:\/\/pruebas.emperadorproperties.com\/politica-de-cookies\/","url":"https:\/\/pruebas.emperadorproperties.com\/politica-de-cookies\/","name":"Pol\u00edtica de cookies - Emperador Properties","isPartOf":{"@id":"https:\/\/pruebas.emperadorproperties.com\/#website"},"datePublished":"2024-02-19T19:33:58+00:00","dateModified":"2024-02-19T19:34:02+00:00","breadcrumb":{"@id":"https:\/\/pruebas.emperadorproperties.com\/politica-de-cookies\/#breadcrumb"},"inLanguage":"en-GB","potentialAction":[{"@type":"ReadAction","target":["https:\/\/pruebas.emperadorproperties.com\/politica-de-cookies\/"]}]},{"@type":"BreadcrumbList","@id":"https:\/\/pruebas.emperadorproperties.com\/politica-de-cookies\/#breadcrumb","itemListElement":[{"@type":"ListItem","position":1,"name":"Portada","item":"https:\/\/pruebas.emperadorproperties.com\/"},{"@type":"ListItem","position":2,"name":"Pol\u00edtica de cookies"}]},{"@type":"WebSite","@id":"https:\/\/pruebas.emperadorproperties.com\/#website","url":"https:\/\/pruebas.emperadorproperties.com\/","name":"Emperador Properties","description":"Coworking Madrid Barcelona","publisher":{"@id":"https:\/\/pruebas.emperadorproperties.com\/#organization"},"potentialAction":[{"@type":"SearchAction","target":{"@type":"EntryPoint","urlTemplate":"https:\/\/pruebas.emperadorproperties.com\/?s={search_term_string}"},"query-input":"required name=search_term_string"}],"inLanguage":"en-GB"},{"@type":"Organization","@id":"https:\/\/pruebas.emperadorproperties.com\/#organization","name":"Emperador Properties","url":"https:\/\/pruebas.emperadorproperties.com\/","logo":{"@type":"ImageObject","inLanguage":"en-GB","@id":"https:\/\/pruebas.emperadorproperties.com\/#\/schema\/logo\/image\/","url":"https:\/\/pruebas.emperadorproperties.com\/wp-content\/uploads\/2024\/02\/EmperadorProperties-blanco.svg","contentUrl":"https:\/\/pruebas.emperadorproperties.com\/wp-content\/uploads\/2024\/02\/EmperadorProperties-blanco.svg","width":273,"height":131,"caption":"Emperador Properties"},"image":{"@id":"https:\/\/pruebas.emperadorproperties.com\/#\/schema\/logo\/image\/"}}]}},"_links":{"self":[{"href":"https:\/\/pruebas.emperadorproperties.com\/en\/wp-json\/wp\/v2\/pages\/150","targetHints":{"allow":["GET"]}}],"collection":[{"href":"https:\/\/pruebas.emperadorproperties.com\/en\/wp-json\/wp\/v2\/pages"}],"about":[{"href":"https:\/\/pruebas.emperadorproperties.com\/en\/wp-json\/wp\/v2\/types\/page"}],"author":[{"embeddable":true,"href":"https:\/\/pruebas.emperadorproperties.com\/en\/wp-json\/wp\/v2\/users\/1"}],"replies":[{"embeddable":true,"href":"https:\/\/pruebas.emperadorproperties.com\/en\/wp-json\/wp\/v2\/comments?post=150"}],"version-history":[{"count":1,"href":"https:\/\/pruebas.emperadorproperties.com\/en\/wp-json\/wp\/v2\/pages\/150\/revisions"}],"predecessor-version":[{"id":151,"href":"https:\/\/pruebas.emperadorproperties.com\/en\/wp-json\/wp\/v2\/pages\/150\/revisions\/151"}],"wp:attachment":[{"href":"https:\/\/pruebas.emperadorproperties.com\/en\/wp-json\/wp\/v2\/media?parent=150"}],"curies":[{"name":"wp","href":"https:\/\/api.w.org\/{rel}","templated":true}]}}